{"id":930,"date":"2023-03-15T12:17:42","date_gmt":"2023-03-15T17:17:42","guid":{"rendered":"https:\/\/www.geneticalatam.org\/?page_id=930"},"modified":"2023-03-23T22:26:33","modified_gmt":"2023-03-24T03:26:33","slug":"herramientas-y-base-de-datos","status":"publish","type":"page","link":"https:\/\/www.geneticalatam.org\/index.php\/es\/herramientas-y-base-de-datos\/","title":{"rendered":"Herramientas y base de datos"},"content":{"rendered":"\n<p><strong>Navegadores gen\u00f3micos<\/strong><\/p>\n\n\n\n<p><a href=\"https:\/\/software.broadinstitute.org\/software\/igv\/\">IGV<\/a><\/p>\n\n\n\n<p><a href=\"https:\/\/genome.ucsc.edu\/cgi-bin\/hgTracks\" target=\"_blank\" rel=\"noreferrer noopener\">Navegador en l\u00ednea<\/a><\/p>\n\n\n\n<p><\/p>\n\n\n\n<p><strong>Fuentes de anotaciones<\/strong><\/p>\n\n\n\n<p><a rel=\"noreferrer noopener\" href=\"http:\/\/genome.ucsc.edu\/cgi-bin\/hgTables\" target=\"_blank\">UCSC<\/a> <\/p>\n\n\n\n<p><\/p>\n\n\n\n<p><strong>Base de Datos<\/strong><\/p>\n\n\n\n<p><a href=\"https:\/\/www.omim.org\/\">OMIM<\/a><\/p>\n\n\n\n<p><a href=\"https:\/\/www.ncbi.nlm.nih.gov\/clinvar\/\">ClinVar<\/a><\/p>\n\n\n\n<p><a href=\"https:\/\/varsome.com\/\" target=\"_blank\" rel=\"noreferrer noopener\">Varsome<\/a><\/p>\n\n\n\n<p><a rel=\"noreferrer noopener\" href=\"https:\/\/clinicalgenome.org\/\" target=\"_blank\">Clingen<\/a><\/p>\n\n\n\n<p><\/p>\n\n\n\n<p><strong>Herramientas bioinform\u00e1ticas<\/strong><\/p>\n\n\n\n<p><strong>Areas de codificaci\u00f3n<\/strong><\/p>\n\n\n\n<p><strong>SIFT\u2002\u2002<\/strong><\/p>\n\n\n\n<p>Predice si las sustituciones de una amino \u00e1cido afectan la funci\u00f3n de la prote\u00edna. Unitliza la comparaci\u00f3n con otras prote\u00ednas relacionadas y sus estructuras para inferir el efecto.<\/p>\n\n\n\n<p><\/p>\n\n\n\n<p><strong>POLYPHEN2\u2002\u2002\u2002<\/strong><\/p>\n\n\n\n<p>Infiere el impacto del cambio de amino\u00e1cidos basados en la estructura f\u00edsica y comparativa que causa el cambio.<\/p>\n\n\n\n<p><\/p>\n\n\n\n<p><strong>MUT TASTER\u2002\u2002<\/strong><\/p>\n\n\n\n<p>Utiliza un m\u00e9todo Bayesiano para predecir un cambio al nivel de nucleotido o amino \u00e1cidos.  Esto incluye evaluaci\u00f3n de los bordes de los intrones, sustituciones sin\u00f3nimas.<\/p>\n\n\n\n<p><\/p>\n\n\n\n<p><strong>MUT ASSESSOR\u2002\u2002\u2002<\/strong>\u2002\u2002\u2002<\/p>\n\n\n\n<p>Evalua el impacto de un cambio de aminoacidos en c\u00e1ncer utilizando informaci\u00f3n de los sitios conservados en otras moleculas hom\u00f3logas.<\/p>\n\n\n\n<p><strong>FATHMM\u2002\u2002\u2002\u2002\u2002\u2002<\/strong><\/p>\n\n\n\n<p>Evalua el efecto de las mutaciones con sentido erroneo utilizando un modelo de conservaci\u00f3n de Markov en alineamientos de proteinas conservadas, y valora su peso de patogenicidad.<\/p>\n\n\n\n<p><\/p>\n\n\n\n<p><strong>INTRONES<\/strong><\/p>\n\n\n\n<p>dbscSNV RF y Ada<\/p>\n\n\n\n<p>Ambas herramientas evaluan las regiones de cortes intr\u00f3nicas (-3 a +8 y -12 a +2) para determinar el impacto del cambio de nucleotidos en el splicing.  La versi\u00f3n Ada utiliza valores ensemble para calcular la probabilidad de impacto.<\/p>\n\n\n\n<p><\/p>\n\n\n\n<p><strong>CONSERVACION<\/strong><\/p>\n\n\n\n<p><strong>GERP\u2002\u2002<\/strong><\/p>\n\n\n\n<p>Identifica elementos de conservaci\u00f3n por la presi\u00f3n a mantenerse sin cambio.<\/p>\n\n\n\n<p><\/p>\n\n\n\n<p>Functional Whole Genome\u2002<\/p>\n\n\n\n<p><strong>GenoCanyon\u2002\u2002<\/strong><\/p>\n\n\n\n<p>M\u00e9todo de anotaci\u00f3n no supervisada con auto-aprendizaje que infiere el impacto funcional de cada base en el genoma.<\/p>\n\n\n\n<p><\/p>\n\n\n\n<p><strong>fitCons\u2002\u2002\u2002\u2002\u2002<\/strong><\/p>\n\n\n\n<p>Integra ensayos funcionales para calcular un valor de conservaci\u00f3n  de un patr\u00f3n gen\u00f3mico.<\/p>\n\n\n\n<p><\/p>\n\n\n\n<p><strong>Otras colecciones de base de datos (recursos in-silico)<\/strong><\/p>\n\n\n\n<table id=table1><tr><td>Nombre de la tabla<\/td><td>Explicaci\u00f3n<\/td><td>Fecha<\/td><\/tr>\n<tr><td>1000g2015aug (6 conjuntos de datos)<\/td><td>El equipo 1000G corrigi\u00f3 un error en el c\u00e1lculo de la frecuencia chrX. Basado en la colecci\u00f3n 201508 v5b (basada en el alineamiento 201305)<\/td><td>20150824<\/td><\/tr>\n<tr><td>abraom<\/td><td>2,3 millones de variantes gen\u00f3micas brasile\u00f1as<\/td><td>20181204<\/td><\/tr>\n<tr><td>avsnp150<\/td><td>dbSNP150 con divisi\u00f3n al\u00e9lica y normalizaci\u00f3n a la izquierda<\/td><td>20170929<\/td><\/tr>\n<tr><td>cadd13<\/td><td>CADD versi\u00f3n 1.3<\/td><td>20170123<\/td><\/tr>\n<tr><td>cadd13gt10<\/td><td>CADD versi\u00f3n 1.3 puntuaci\u00f3n>10<\/td><td>20170123<\/td><\/tr>\n<tr><td>cadd13gt20<\/td><td>CADD versi\u00f3n 1.3 puntuaci\u00f3n>20<\/td><td>20170123<\/td><\/tr>\n<tr><td>cg46<\/td><td>frecuencia al\u00e9lica alternativa en 46 sujetos humanos no emparentados secuenciados por Complete Genomics<\/td><td>20120222<\/td><\/tr>\n<tr><td>cg69<\/td><td>frecuencia al\u00e9lica en 69 sujetos humanos secuenciados por Complete Genomics<\/td><td>20120222<\/td><\/tr>\n<tr><td>clinvar_20221231<\/td><td>Clinvar versi\u00f3n 20221231 con columnas separadas (CLNALLELEID CLNDN CLNDISDB CLNREVSTAT CLNSIG)<\/td><td>20230105<\/td><\/tr><\/td><\/tr>\n<tr><td>cosmic68wgs<\/td><td>base de datos COSMIC versi\u00f3n 68 sobre datos WGS<\/td><td>20140224<\/td><\/tr>\n<tr><td>dbnsfp42a<\/td><td>reformateada para incluir m\u00e1s columnas que dbnsfp41a<\/td><td>20210710<\/td><\/tr>\n<tr><td>dbscsnv11<\/td><td>dbscSNV versi\u00f3n 1.1 para la predicci\u00f3n de sitios de empalme mediante AdaBoost y Random Forest<\/td><td>20151218<\/td><\/tr>\n<tr><td>eigen<\/td><td>puntuaciones Eigen de todo el genoma, v\u00e9ase ref<\/td><td>20160330<\/td><\/tr>\n<tr><td>ensGene<\/td><td>Secuencias FASTA para todos los transcritos anotados en la colecci\u00f3n Gencode v43 Basic levantada hasta hg19 (la \u00faltima actualizaci\u00f3n fue el 2023-02-15 en UCSC)<\/td><td>20230315<\/td><\/tr>\n<tr><td>esp6500siv2_all<\/td><td>frecuencia al\u00e9lica alternativa en Todos los sujetos del proyecto NHLBI-ESP con 6500 exomas, incluidas las llamadas indel y las llamadas chrY. Esto se levant\u00f3 sobre de hg19 por m\u00ed mismo.<\/td><td>20141222<\/td><\/tr>\n<tr><td>exac03<\/td><td>ExAC 65000 datos de frecuencia al\u00e9lica del exoma para ALL, AFR (africano), AMR (americano mezclado), EAS (asi\u00e1tico del este), FIN (finland\u00e9s), NFE (europeo no finland\u00e9s), OTH (otro), SAS (asi\u00e1tico del sur)). versi\u00f3n 0.3. Normalizaci\u00f3n izquierda realizada. Normalizaci\u00f3n izquierda realizada.<\/td><td>20151129<\/td><\/tr>\n<tr><td>exac03nonpsych<\/td><td>ExAC en muestras de enfermedades no psiqui\u00e1tricas (cabecera actualizada)<\/td><td>20160423<\/td><\/tr>\n<tr><td>exac03nontcga<\/td><td>ExAC en muestras no TCGA (encabezado actualizado)<\/td><td>20160423<\/td><\/tr>\n<tr><td>fathmm<\/td><td>puntuaciones FATHMM_coding y FATHMM_noncoding del genoma completo (las puntuaciones noncoding y coding de la versi\u00f3n de 2015 se invirtieron)<\/td><td>20160315<\/td><\/tr>\n<tr><td>gene4denovo201907<\/td><td>base de datos de gene4denovo<\/td><td>20191101<\/td><\/tr>\n<tr><td>gene4denovo201907<\/td><td>base de datos gen4denovo<\/td><td>20191101<\/td><\/tr>\n<tr><td>gerp++elem<\/td><td>regiones gen\u00f3micas conservadas por GERP++<\/td><td>20140223<\/td><\/tr>\n<tr><td><gerp++gt2<\/td><td>puntuaciones GERP++ de todo el genoma superiores a 2 (el umbral de puntuaci\u00f3n RS de 2 proporciona una alta sensibilidad a la vez que enriquece fuertemente los sitios realmente restringidos. )<\/td><td>20120621<\/td><\/tr>\n<tr><td>gme<\/td><td>Frecuencia al\u00e9lica del Gran Oriente Medio, incluyendo NWA (noroeste de \u00c1frica), NEA (noreste de \u00c1frica), AP (pen\u00ednsula ar\u00e1biga), Israel, SD (desierto sirio), TP (pen\u00ednsula turca) y CA (Asia central)<\/td><td>20161024<\/td><\/tr>\n<tr><td>gnomad211_exome<\/td><td>colecci\u00f3n de exomas degnomAD (v2.1. 1), con \u00abAF AF_popmax AF_male AF_female AF_raw AF_afr AF_sas AF_amr AF_eas AF_nfe AF_fin AF_asj AF_oth non_topmed_AF_popmax non_neuro_AF_popmax non_cancer_AF_popmax controls_AF_popmax\u00bb header<\/td><td>20190318<\/td><\/tr>\n<tr><td>gnomad312_genome<\/td><td>versi\u00f3n 3.1.2 whole-genome data<\/td><td>20221228<\/td><\/tr>\n<tr><td>gwava<\/td><td>whole genome GWAVA_region_score y GWAVA_tss_score (GWAVA_unmatched_score tiene un error en el archivo), v\u00e9ase ref.<\/td><td>20150623<\/td><\/tr>\n<tr><td>hrcr1<\/td><td>40 millones de variantes de 32K muestras en el consorcio de referencia de haplotipos<\/td><td>20151203<\/td><\/tr>\n<tr><td>icgc28<\/td><td>Consorcio Internacional del Genoma del C\u00e1ncer versi\u00f3n 28<\/td><td>20210122<\/td><\/tr>\n<tr><td>intervar_20180118<\/td><td>InterVar: interpretaci\u00f3n cl\u00ednica de variantes missense (indels not supported)<\/td><td>20180325<\/td><\/tr>\n<tr><td>kaviar_20150923<\/td><td>170 millones de VARiants conocidos de 13K genomas y 64K exomas en 34 proyectos<\/td><td>20151203<\/td><\/tr>\n<tr><td>GeneConocido<\/td><td>Secuencias FASTA para todos los transcritos anotados en UCSC Gene Conocido (la \u00faltima actualizaci\u00f3n fue 2009-05-10 en UCSC)<\/td><td>20211019<\/td><\/tr>\n<tr><td>ljb26_all<\/td><td>Puntuaciones SIFT del exoma completo, PolyPhen2 HDIV, PolyPhen2 HVAR, LRT, MutationTaster, MutationAssessor, FATHMM, MetaSVM, MetaLR, VEST, CADD, GERP++, PhyloP y SiPhy de la versi\u00f3n 2.6 de dbNSFP<\/td><td>20140925<\/td><\/tr>\n<tr><td>mcap13<\/td><td>[puntuaciones M-CAP v1.3]<\/td><td>20181203<\/td><\/tr>\n<tr><td>mitimpact2<\/td><td>predicciones de patogenicidad de variantes mitocondriales humanas sin sentido (ver aqu\u00ed<\/td><td>20150520<\/td><\/tr>\n<tr><td>nci60<\/td><td>Datos de frecuencia al\u00e9lica de secuenciaci\u00f3n del exoma del panel de l\u00edneas celulares tumorales humanas NCI-60<\/td><td>20130724<\/td><\/tr>\n<tr><td>popfreq_all_20150413<\/td><td>Una base de datos que contiene todas las frecuencias al\u00e9licas de 1000G, ESP6500, ExAC y CG46<\/td><td>20150413<\/td><\/tr>\n<tr><td>popfreq_max_20150413<\/td><td>Una base de datos que contiene la frecuencia al\u00e9lica m\u00e1xima de 1000G, ESP6500, ExAC y CG46<\/td><td>20150413<\/td><\/tr>\n<tr><td>refGene<\/td><td>Secuencias FASTA para todos los transcritos anotados en RefSeq Gene (la \u00faltima actualizaci\u00f3n fue 2020-08-22 en UCSC)<\/td><td>20211019<\/td><\/tr>\n<tr><td>refGeneWithVer<\/td><td>Secuencias FASTA para todos los transcritos anotados en RefSeq Gene con n\u00famero de versi\u00f3n (la \u00faltima actualizaci\u00f3n fue 2020-08-22 en UCSC)<\/td><td>20211019<\/td><\/tr>\n<tr><td>regsnpintron<\/td><td>vidaSuperior a la anterior<\/td><td>20180922<\/td><\/tr>\n<tr><td>regsnpintron<\/td><td>priorizar la probabilidad causante de enfermedad de SNVs intr\u00f3nicos<\/td><td>20180920<\/td><\/tr>\n<tr><td>revel<\/td><td>Puntuaciones REVEL para variantes no sin\u00f3nimas<\/td><td>20161205<\/td><\/tr>\n<tr><td>snp138<\/td><td>Levant\u00e9 sobre SNP138 a hg18<\/td><td>20140910<\/td><\/tr><\/table>\n<style>#table1 tr td {height:40px;}<\/style>\n","protected":false},"excerpt":{"rendered":"<p>Navegadores gen\u00f3micos IGV Navegador en l\u00ednea Fuentes de anotaciones UCSC Base de Datos OMIM ClinVar Varsome Clingen Herramientas bioinform\u00e1ticas Areas de codificaci\u00f3n SIFT\u2002\u2002 Predice si las sustituciones de una amino&hellip; <\/p>\n","protected":false},"author":1,"featured_media":0,"parent":0,"menu_order":0,"comment_status":"closed","ping_status":"closed","template":"","meta":{"footnotes":""},"folder":[],"class_list":["post-930","page","type-page","status-publish","hentry"],"_links":{"self":[{"href":"https:\/\/www.geneticalatam.org\/index.php\/wp-json\/wp\/v2\/pages\/930","targetHints":{"allow":["GET"]}}],"collection":[{"href":"https:\/\/www.geneticalatam.org\/index.php\/wp-json\/wp\/v2\/pages"}],"about":[{"href":"https:\/\/www.geneticalatam.org\/index.php\/wp-json\/wp\/v2\/types\/page"}],"author":[{"embeddable":true,"href":"https:\/\/www.geneticalatam.org\/index.php\/wp-json\/wp\/v2\/users\/1"}],"replies":[{"embeddable":true,"href":"https:\/\/www.geneticalatam.org\/index.php\/wp-json\/wp\/v2\/comments?post=930"}],"version-history":[{"count":4,"href":"https:\/\/www.geneticalatam.org\/index.php\/wp-json\/wp\/v2\/pages\/930\/revisions"}],"predecessor-version":[{"id":947,"href":"https:\/\/www.geneticalatam.org\/index.php\/wp-json\/wp\/v2\/pages\/930\/revisions\/947"}],"wp:attachment":[{"href":"https:\/\/www.geneticalatam.org\/index.php\/wp-json\/wp\/v2\/media?parent=930"}],"wp:term":[{"taxonomy":"folder","embeddable":true,"href":"https:\/\/www.geneticalatam.org\/index.php\/wp-json\/wp\/v2\/folder?post=930"}],"curies":[{"name":"wp","href":"https:\/\/api.w.org\/{rel}","templated":true}]}}