{"id":2329,"date":"2025-10-15T14:59:18","date_gmt":"2025-10-15T19:59:18","guid":{"rendered":"https:\/\/www.geneticalatam.org\/?page_id=2329"},"modified":"2025-10-15T15:48:58","modified_gmt":"2025-10-15T20:48:58","slug":"actividades-pasadas","status":"publish","type":"page","link":"https:\/\/www.geneticalatam.org\/index.php\/es\/actividades-pasadas\/","title":{"rendered":"Actividades pasadas"},"content":{"rendered":"\n<p><strong>Foro Permanente &#8211; Salud Global y Gen\u00e9tica Cl\u00ednica<\/strong><\/p>\n\n\n\n<p><strong>Lugar<\/strong>: Santo Domingo, Rep\u00fablica Dominicana<\/p>\n\n\n\n<p><strong>Fecha<\/strong>: 23 de septiembre de 2025<\/p>\n\n\n\n<p><strong>Organizador: <\/strong>Instituto Chromomed<\/p>\n\n\n\n<figure class=\"wp-block-image size-full\"><img loading=\"lazy\" decoding=\"async\" width=\"551\" height=\"411\" src=\"https:\/\/www.geneticalatam.org\/wp-content\/uploads\/2025\/10\/image.png\" alt=\"\" class=\"wp-image-2327\" srcset=\"https:\/\/www.geneticalatam.org\/wp-content\/uploads\/2025\/10\/image.png 551w, https:\/\/www.geneticalatam.org\/wp-content\/uploads\/2025\/10\/image-300x224.png 300w\" sizes=\"auto, (max-width: 551px) 100vw, 551px\" \/><\/figure>\n\n\n<ul class=\"wp-block-latest-posts__list wp-block-latest-posts\"><li><a class=\"wp-block-latest-posts__post-title\" href=\"https:\/\/www.geneticalatam.org\/index.php\/es\/2024\/05\/13\/art-2325-es-conocimiento-de-las-enfermedades-geneticas-raras-en-la-practica-clinica-diaria\/\">Conocimiento de las enfermedades gen\u00e9ticas raras en la pr\u00e1ctica cl\u00ednica diaria<\/a><\/li>\n<li><a class=\"wp-block-latest-posts__post-title\" href=\"https:\/\/www.geneticalatam.org\/index.php\/es\/2022\/09\/10\/actualizacion-en-enfermedad-renal-cronica-no-tradicional\/\">Actualizaci\u00f3n en enfermedad renal cr\u00f3nica no tradicional<\/a><\/li>\n<\/ul>","protected":false},"excerpt":{"rendered":"<p>Foro Permanente &#8211; Salud Global y Gen\u00e9tica Cl\u00ednica Lugar: Santo Domingo, Rep\u00fablica Dominicana Fecha: 23 de septiembre de 2025 Organizador: Instituto Chromomed<\/p>\n","protected":false},"author":1,"featured_media":2345,"parent":0,"menu_order":0,"comment_status":"closed","ping_status":"closed","template":"","meta":{"footnotes":""},"folder":[],"class_list":["post-2329","page","type-page","status-publish","has-post-thumbnail","hentry"],"_links":{"self":[{"href":"https:\/\/www.geneticalatam.org\/index.php\/wp-json\/wp\/v2\/pages\/2329","targetHints":{"allow":["GET"]}}],"collection":[{"href":"https:\/\/www.geneticalatam.org\/index.php\/wp-json\/wp\/v2\/pages"}],"about":[{"href":"https:\/\/www.geneticalatam.org\/index.php\/wp-json\/wp\/v2\/types\/page"}],"author":[{"embeddable":true,"href":"https:\/\/www.geneticalatam.org\/index.php\/wp-json\/wp\/v2\/users\/1"}],"replies":[{"embeddable":true,"href":"https:\/\/www.geneticalatam.org\/index.php\/wp-json\/wp\/v2\/comments?post=2329"}],"version-history":[{"count":2,"href":"https:\/\/www.geneticalatam.org\/index.php\/wp-json\/wp\/v2\/pages\/2329\/revisions"}],"predecessor-version":[{"id":2339,"href":"https:\/\/www.geneticalatam.org\/index.php\/wp-json\/wp\/v2\/pages\/2329\/revisions\/2339"}],"wp:featuredmedia":[{"embeddable":true,"href":"https:\/\/www.geneticalatam.org\/index.php\/wp-json\/wp\/v2\/media\/2345"}],"wp:attachment":[{"href":"https:\/\/www.geneticalatam.org\/index.php\/wp-json\/wp\/v2\/media?parent=2329"}],"wp:term":[{"taxonomy":"folder","embeddable":true,"href":"https:\/\/www.geneticalatam.org\/index.php\/wp-json\/wp\/v2\/folder?post=2329"}],"curies":[{"name":"wp","href":"https:\/\/api.w.org\/{rel}","templated":true}]}}