{"id":1412,"date":"2023-07-05T10:04:22","date_gmt":"2023-07-05T15:04:22","guid":{"rendered":"https:\/\/www.geneticalatam.org\/?page_id=1412"},"modified":"2023-07-05T10:22:14","modified_gmt":"2023-07-05T15:22:14","slug":"actividades-academicas-page","status":"publish","type":"page","link":"https:\/\/www.geneticalatam.org\/index.php\/es\/actividades-academicas-page\/","title":{"rendered":"Actividades Acad\u00e9micas (page)"},"content":{"rendered":"<ul class=\"wp-block-latest-posts__list wp-block-latest-posts\"><li><div class=\"wp-block-latest-posts__featured-image\"><img loading=\"lazy\" decoding=\"async\" width=\"150\" height=\"150\" src=\"https:\/\/www.geneticalatam.org\/wp-content\/uploads\/2024\/05\/0bfd2c8f166c4e8ed4a892543d59e356-150x150.jpg\" class=\"attachment-thumbnail size-thumbnail wp-post-image\" alt=\"\" style=\"\" srcset=\"https:\/\/www.geneticalatam.org\/wp-content\/uploads\/2024\/05\/0bfd2c8f166c4e8ed4a892543d59e356-150x150.jpg 150w, https:\/\/www.geneticalatam.org\/wp-content\/uploads\/2024\/05\/0bfd2c8f166c4e8ed4a892543d59e356-300x300.jpg 300w, https:\/\/www.geneticalatam.org\/wp-content\/uploads\/2024\/05\/0bfd2c8f166c4e8ed4a892543d59e356-768x768.jpg 768w, https:\/\/www.geneticalatam.org\/wp-content\/uploads\/2024\/05\/0bfd2c8f166c4e8ed4a892543d59e356.jpg 1024w\" sizes=\"auto, (max-width: 150px) 100vw, 150px\" \/><\/div><a class=\"wp-block-latest-posts__post-title\" href=\"https:\/\/www.geneticalatam.org\/index.php\/es\/2024\/05\/13\/art-2325-es-conocimiento-de-las-enfermedades-geneticas-raras-en-la-practica-clinica-diaria\/\">Conocimiento de las enfermedades gen\u00e9ticas raras en la pr\u00e1ctica cl\u00ednica diaria<\/a><\/li>\n<li><div class=\"wp-block-latest-posts__featured-image\"><img loading=\"lazy\" decoding=\"async\" width=\"150\" height=\"150\" src=\"https:\/\/www.geneticalatam.org\/wp-content\/uploads\/2022\/09\/nefro-150x150.jpg\" class=\"attachment-thumbnail size-thumbnail wp-post-image\" alt=\"\" style=\"\" srcset=\"https:\/\/www.geneticalatam.org\/wp-content\/uploads\/2022\/09\/nefro-150x150.jpg 150w, https:\/\/www.geneticalatam.org\/wp-content\/uploads\/2022\/09\/nefro-300x300.jpg 300w, https:\/\/www.geneticalatam.org\/wp-content\/uploads\/2022\/09\/nefro.jpg 600w\" sizes=\"auto, (max-width: 150px) 100vw, 150px\" \/><\/div><a class=\"wp-block-latest-posts__post-title\" href=\"https:\/\/www.geneticalatam.org\/index.php\/es\/2022\/09\/10\/actualizacion-en-enfermedad-renal-cronica-no-tradicional\/\">Actualizaci\u00f3n en enfermedad renal cr\u00f3nica no tradicional<\/a><\/li>\n<\/ul>\n\n\n<style>\n\nli div {float:left;margin-bottom:30px;} li a {float:left;font-size:1.3em;margin-left:15px;}\n<\/style>\n","protected":false},"excerpt":{"rendered":"","protected":false},"author":1,"featured_media":0,"parent":0,"menu_order":0,"comment_status":"closed","ping_status":"closed","template":"","meta":{"footnotes":""},"folder":[],"class_list":["post-1412","page","type-page","status-publish","hentry"],"_links":{"self":[{"href":"https:\/\/www.geneticalatam.org\/index.php\/wp-json\/wp\/v2\/pages\/1412","targetHints":{"allow":["GET"]}}],"collection":[{"href":"https:\/\/www.geneticalatam.org\/index.php\/wp-json\/wp\/v2\/pages"}],"about":[{"href":"https:\/\/www.geneticalatam.org\/index.php\/wp-json\/wp\/v2\/types\/page"}],"author":[{"embeddable":true,"href":"https:\/\/www.geneticalatam.org\/index.php\/wp-json\/wp\/v2\/users\/1"}],"replies":[{"embeddable":true,"href":"https:\/\/www.geneticalatam.org\/index.php\/wp-json\/wp\/v2\/comments?post=1412"}],"version-history":[{"count":10,"href":"https:\/\/www.geneticalatam.org\/index.php\/wp-json\/wp\/v2\/pages\/1412\/revisions"}],"predecessor-version":[{"id":1437,"href":"https:\/\/www.geneticalatam.org\/index.php\/wp-json\/wp\/v2\/pages\/1412\/revisions\/1437"}],"wp:attachment":[{"href":"https:\/\/www.geneticalatam.org\/index.php\/wp-json\/wp\/v2\/media?parent=1412"}],"wp:term":[{"taxonomy":"folder","embeddable":true,"href":"https:\/\/www.geneticalatam.org\/index.php\/wp-json\/wp\/v2\/folder?post=1412"}],"curies":[{"name":"wp","href":"https:\/\/api.w.org\/{rel}","templated":true}]}}